{"id":6,"date":"2025-01-21T06:21:32","date_gmt":"2025-01-21T05:21:32","guid":{"rendered":"https:\/\/spreadsheet.ninja\/?page_id=6"},"modified":"2025-01-21T06:23:10","modified_gmt":"2025-01-21T05:23:10","slug":"strona-glowna","status":"publish","type":"page","link":"https:\/\/spreadsheet.ninja\/","title":{"rendered":"Strona g\u0142\u00f3wna"},"content":{"rendered":"\n<div class=\"wp-block-group alignfull has-global-padding is-layout-constrained wp-container-core-group-is-layout-0c9c989a wp-block-group-is-layout-constrained\" style=\"min-height:0vh;margin-top:0;margin-bottom:0;padding-top:var(--wp--preset--spacing--70);padding-right:var(--wp--preset--spacing--40);padding-bottom:var(--wp--preset--spacing--70);padding-left:var(--wp--preset--spacing--40)\">\n<div class=\"wp-block-group has-global-padding is-layout-constrained wp-container-core-group-is-layout-346627ba wp-block-group-is-layout-constrained\">\n<h2 class=\"wp-block-heading has-text-align-center has-xx-large-font-size\" style=\"margin-right:0;margin-left:0;padding-right:0;padding-left:0\">Excel &#8211; prosto i skutecznie<\/h2>\n\n\n\n<p class=\"has-text-align-center\">Oferujemy szybkie i efektywne rozwi\u0105zania w Excelu, dostosowane do Twoich potrzeb.<\/p>\n\n\n\n<div class=\"wp-block-buttons is-content-justification-center is-layout-flex wp-container-core-buttons-is-layout-a89b3969 wp-block-buttons-is-layout-flex\">\n<div class=\"wp-block-button\"><a class=\"wp-block-button__link wp-element-button\" href=\"#uslugi\">Dowiedz si\u0119 wi\u0119cej<\/a><\/div>\n<\/div>\n<\/div>\n<\/div>\n\n\n\n<div class=\"wp-block-group alignfull is-style-default has-global-padding is-layout-constrained wp-block-group-is-layout-constrained\" style=\"margin-top:0;margin-bottom:0;padding-top:var(--wp--preset--spacing--80);padding-bottom:var(--wp--preset--spacing--80)\">\n<div class=\"wp-block-columns alignwide is-layout-flex wp-container-core-columns-is-layout-66fad18a wp-block-columns-is-layout-flex\">\n<div class=\"wp-block-column is-layout-flow wp-block-column-is-layout-flow\" style=\"padding-right:var(--wp--preset--spacing--50);flex-basis:45%\">\n<div class=\"wp-block-group has-global-padding is-layout-constrained wp-block-group-is-layout-constrained\" style=\"margin-top:-12vw\"><\/div>\n\n\n\n<figure class=\"wp-block-image size-full\"><img loading=\"lazy\" decoding=\"async\" width=\"600\" height=\"600\" src=\"https:\/\/spreadsheet.ninja\/wp-content\/uploads\/2025\/01\/transparent_olx_logo-1.png\" alt=\"\" class=\"wp-image-17\" srcset=\"https:\/\/spreadsheet.ninja\/wp-content\/uploads\/2025\/01\/transparent_olx_logo-1.png 600w, https:\/\/spreadsheet.ninja\/wp-content\/uploads\/2025\/01\/transparent_olx_logo-1-300x300.png 300w, https:\/\/spreadsheet.ninja\/wp-content\/uploads\/2025\/01\/transparent_olx_logo-1-150x150.png 150w\" sizes=\"auto, (max-width: 600px) 100vw, 600px\" \/><\/figure>\n<\/div>\n\n\n\n<div class=\"wp-block-column is-vertically-aligned-top is-style-default is-layout-flow wp-block-column-is-layout-flow\" style=\"padding-right:0;padding-left:0;flex-basis:50%\">\n<div class=\"wp-block-group is-vertical is-layout-flex wp-container-core-group-is-layout-fe9cc265 wp-block-group-is-layout-flex\">\n<h2 class=\"wp-block-heading is-style-text-annotation is-style-text-annotation--1\"><a href=\"https:\/\/spreadsheet.ninja\/?page_id=45\" data-type=\"page\" data-id=\"45\">O nas<\/a><\/h2>\n<\/div>\n\n\n\n<p class=\"is-style-text-subtitle is-style-text-subtitle--2\"><strong>Spreadsheet Ninja<\/strong> to m\u0142oda, dynamiczna firma. Specjalizujemy si\u0119 w tworzeniu zaawansowanych rozwi\u0105za\u0144 w programie Microsoft Excel, dostosowanych do indywidualnych potrzeb naszych klient\u00f3w. Naszym celem jest u\u0142atwienie pracy z danymi poprzez oferowanie profesjonalnych us\u0142ug, kt\u00f3re s\u0105 szybkie, efektywne i precyzyjnie dopasowane do wymaga\u0144 ka\u017cdego projektu. <\/p>\n<\/div>\n<\/div>\n<\/div>\n\n\n\n<div class=\"wp-block-group alignfull has-global-padding is-layout-constrained wp-container-core-group-is-layout-ebee8dc1 wp-block-group-is-layout-constrained\" style=\"margin-top:0;margin-bottom:0;padding-top:var(--wp--preset--spacing--50);padding-bottom:var(--wp--preset--spacing--50)\">\n<h2 class=\"wp-block-heading alignwide\" id=\"uslugi\">Nasze us\u0142ugi<\/h2>\n\n\n\n<div class=\"wp-block-columns alignwide is-layout-flex wp-container-core-columns-is-layout-28f84493 wp-block-columns-is-layout-flex\">\n<div class=\"wp-block-column is-layout-flow wp-block-column-is-layout-flow\">\n<figure class=\"wp-block-image size-full has-custom-border is-style-default\" style=\"margin-bottom:24px\"><img loading=\"lazy\" decoding=\"async\" width=\"2560\" height=\"1067\" src=\"https:\/\/spreadsheet.ninja\/wp-content\/uploads\/2025\/01\/AdobeStock_481012251_Editorial_Use_Only-scaled.jpeg\" alt=\"\" class=\"wp-image-22\" style=\"border-radius:15px;aspect-ratio:4\/3;object-fit:cover\" srcset=\"https:\/\/spreadsheet.ninja\/wp-content\/uploads\/2025\/01\/AdobeStock_481012251_Editorial_Use_Only-scaled.jpeg 2560w, https:\/\/spreadsheet.ninja\/wp-content\/uploads\/2025\/01\/AdobeStock_481012251_Editorial_Use_Only-300x125.jpeg 300w, https:\/\/spreadsheet.ninja\/wp-content\/uploads\/2025\/01\/AdobeStock_481012251_Editorial_Use_Only-1024x427.jpeg 1024w, https:\/\/spreadsheet.ninja\/wp-content\/uploads\/2025\/01\/AdobeStock_481012251_Editorial_Use_Only-768x320.jpeg 768w, https:\/\/spreadsheet.ninja\/wp-content\/uploads\/2025\/01\/AdobeStock_481012251_Editorial_Use_Only-1536x640.jpeg 1536w, https:\/\/spreadsheet.ninja\/wp-content\/uploads\/2025\/01\/AdobeStock_481012251_Editorial_Use_Only-2048x853.jpeg 2048w\" sizes=\"auto, (max-width: 2560px) 100vw, 2560px\" \/><figcaption class=\"wp-element-caption\"><sup>stock.adobe.com<\/sup><\/figcaption><\/figure>\n\n\n\n<h3 class=\"wp-block-heading\">Rozwi\u0105zywanie zada\u0144<\/h3>\n\n\n\n<p class=\"has-medium-font-size\">Szybko i skutecznie rozwi\u0105zujemy wszelkie problemy zwi\u0105zane z arkuszami kalkulacyjnymi, od prostych oblicze\u0144 po zaawansowane analizy danych<\/p>\n<\/div>\n\n\n\n<div class=\"wp-block-column is-layout-flow wp-block-column-is-layout-flow\">\n<figure class=\"wp-block-image size-full has-custom-border\" style=\"margin-bottom:24px\"><img loading=\"lazy\" decoding=\"async\" width=\"2560\" height=\"1680\" src=\"https:\/\/spreadsheet.ninja\/wp-content\/uploads\/2025\/01\/AdobeStock_523743969_Editorial_Use_Only-scaled.jpeg\" alt=\"\" class=\"wp-image-24\" style=\"border-radius:15px;aspect-ratio:4\/3;object-fit:cover\" srcset=\"https:\/\/spreadsheet.ninja\/wp-content\/uploads\/2025\/01\/AdobeStock_523743969_Editorial_Use_Only-scaled.jpeg 2560w, https:\/\/spreadsheet.ninja\/wp-content\/uploads\/2025\/01\/AdobeStock_523743969_Editorial_Use_Only-300x197.jpeg 300w, https:\/\/spreadsheet.ninja\/wp-content\/uploads\/2025\/01\/AdobeStock_523743969_Editorial_Use_Only-1024x672.jpeg 1024w, https:\/\/spreadsheet.ninja\/wp-content\/uploads\/2025\/01\/AdobeStock_523743969_Editorial_Use_Only-768x504.jpeg 768w, https:\/\/spreadsheet.ninja\/wp-content\/uploads\/2025\/01\/AdobeStock_523743969_Editorial_Use_Only-1536x1008.jpeg 1536w, https:\/\/spreadsheet.ninja\/wp-content\/uploads\/2025\/01\/AdobeStock_523743969_Editorial_Use_Only-2048x1344.jpeg 2048w\" sizes=\"auto, (max-width: 2560px) 100vw, 2560px\" \/><figcaption class=\"wp-element-caption\"><sub><sup>PHAISITSAWAN \u2014 stock.adobe.com<\/sup><\/sub><\/figcaption><\/figure>\n\n\n\n<h3 class=\"wp-block-heading\">Tworzenie makr<\/h3>\n\n\n\n<p class=\"has-medium-font-size\">Automatyzujemy Twoje codzienne zadania w Excelu, tworz\u0105c spersonalizowane makra, kt\u00f3re oszcz\u0119dzaj\u0105 czas i zwi\u0119kszaj\u0105 efektywno\u015b\u0107 pracy<\/p>\n<\/div>\n\n\n\n<div class=\"wp-block-column is-layout-flow wp-block-column-is-layout-flow\">\n<figure class=\"wp-block-image size-full has-custom-border\" style=\"margin-bottom:24px\"><img loading=\"lazy\" decoding=\"async\" width=\"2560\" height=\"1707\" src=\"https:\/\/spreadsheet.ninja\/wp-content\/uploads\/2025\/01\/AdobeStock_507599558_Editorial_Use_Only-scaled.jpeg\" alt=\"\" class=\"wp-image-23\" style=\"border-radius:15px;aspect-ratio:4\/3;object-fit:cover\" srcset=\"https:\/\/spreadsheet.ninja\/wp-content\/uploads\/2025\/01\/AdobeStock_507599558_Editorial_Use_Only-scaled.jpeg 2560w, https:\/\/spreadsheet.ninja\/wp-content\/uploads\/2025\/01\/AdobeStock_507599558_Editorial_Use_Only-300x200.jpeg 300w, https:\/\/spreadsheet.ninja\/wp-content\/uploads\/2025\/01\/AdobeStock_507599558_Editorial_Use_Only-1024x683.jpeg 1024w, https:\/\/spreadsheet.ninja\/wp-content\/uploads\/2025\/01\/AdobeStock_507599558_Editorial_Use_Only-768x512.jpeg 768w, https:\/\/spreadsheet.ninja\/wp-content\/uploads\/2025\/01\/AdobeStock_507599558_Editorial_Use_Only-1536x1024.jpeg 1536w, https:\/\/spreadsheet.ninja\/wp-content\/uploads\/2025\/01\/AdobeStock_507599558_Editorial_Use_Only-2048x1365.jpeg 2048w\" sizes=\"auto, (max-width: 2560px) 100vw, 2560px\" \/><figcaption class=\"wp-element-caption\"><sub><sup>IB Photography \u2014 stock.adobe.com<\/sup><\/sub><\/figcaption><\/figure>\n\n\n\n<h3 class=\"wp-block-heading\">Gotowe rozwi\u0105zania<\/h3>\n\n\n\n<p class=\"has-medium-font-size\">Oferujemy gotowe szablony i narz\u0119dzia w Excelu, kt\u00f3re s\u0105 \u0142atwe w u\u017cyciu i dostosowane do specyficznych potrzeb Twojej firmy<\/p>\n<\/div>\n<\/div>\n<\/div>\n\n\n\n<aside class=\"wp-block-group alignfull is-style-section-3 has-global-padding is-layout-constrained wp-container-core-group-is-layout-f0f2a97b wp-block-group-is-layout-constrained is-style-section-3--3\" style=\"margin-top:0;margin-bottom:0;padding-top:var(--wp--preset--spacing--50);padding-right:var(--wp--preset--spacing--50);padding-bottom:var(--wp--preset--spacing--50);padding-left:var(--wp--preset--spacing--50)\">\n<div class=\"wp-block-group is-vertical is-content-justification-center is-layout-flex wp-container-core-group-is-layout-8778ca4a wp-block-group-is-layout-flex\" style=\"min-height:360px;margin-top:0;margin-bottom:0\">\n<h2 class=\"wp-block-heading has-text-align-center has-xx-large-font-size\">Skontaktuj si\u0119 z nami<\/h2>\n\n\n\n<p class=\"has-text-align-center is-style-text-subtitle is-style-text-subtitle--4\">Nie czekaj! Skontaktuj si\u0119 z nami ju\u017c dzi\u015b i przekonaj si\u0119, jak mo\u017cemy u\u0142atwi\u0107 Twoj\u0105 prac\u0119 z danymi. Wype\u0142nij formularz kontaktowy, zadzwo\u0144 lub napisz do nas e-mail.<\/p>\n\n\n\n<p class=\"has-text-align-center is-style-text-subtitle is-style-text-subtitle--5\">Czekamy na Twoj\u0105 wiadomo\u015b\u0107!<\/p>\n\n\n\n<div style=\"height:0px\" aria-hidden=\"true\" class=\"wp-block-spacer wp-container-content-62aae154\"><\/div>\n\n\n\n<div class=\"wp-block-buttons is-content-justification-center is-layout-flex wp-container-core-buttons-is-layout-a89b3969 wp-block-buttons-is-layout-flex\">\n<div class=\"wp-block-button\"><a class=\"wp-block-button__link has-text-align-center wp-element-button\" href=\"https:\/\/spreadsheet.ninja\/?page_id=35\">Kontakt<\/a><\/div>\n<\/div>\n<\/div>\n<\/aside>\n\n\n\n<p><\/p>\n","protected":false},"excerpt":{"rendered":"<p>Excel &#8211; prosto i skutecznie Oferujemy szybkie i efektywne rozwi\u0105zania w Excelu, dostosowane do Twoich potrzeb. O nas Spreadsheet Ninja to m\u0142oda, dynamiczna firma. Specjalizujemy si\u0119 w tworzeniu zaawansowanych rozwi\u0105za\u0144 w programie Microsoft Excel, dostosowanych do indywidualnych potrzeb naszych klient\u00f3w. Naszym celem jest u\u0142atwienie pracy z danymi poprzez oferowanie profesjonalnych us\u0142ug, kt\u00f3re s\u0105 szybkie, efektywne [&hellip;]<\/p>\n","protected":false},"author":1,"featured_media":16,"parent":0,"menu_order":0,"comment_status":"closed","ping_status":"closed","template":"page-no-title","meta":{"om_disable_all_campaigns":false,"_monsterinsights_skip_tracking":false,"_monsterinsights_sitenote_active":false,"_monsterinsights_sitenote_note":"","_monsterinsights_sitenote_category":0,"_uf_show_specific_survey":0,"_uf_disable_surveys":false,"footnotes":""},"class_list":["post-6","page","type-page","status-publish","has-post-thumbnail","hentry"],"aioseo_notices":[],"_links":{"self":[{"href":"https:\/\/spreadsheet.ninja\/index.php?rest_route=\/wp\/v2\/pages\/6","targetHints":{"allow":["GET"]}}],"collection":[{"href":"https:\/\/spreadsheet.ninja\/index.php?rest_route=\/wp\/v2\/pages"}],"about":[{"href":"https:\/\/spreadsheet.ninja\/index.php?rest_route=\/wp\/v2\/types\/page"}],"author":[{"embeddable":true,"href":"https:\/\/spreadsheet.ninja\/index.php?rest_route=\/wp\/v2\/users\/1"}],"replies":[{"embeddable":true,"href":"https:\/\/spreadsheet.ninja\/index.php?rest_route=%2Fwp%2Fv2%2Fcomments&post=6"}],"version-history":[{"count":12,"href":"https:\/\/spreadsheet.ninja\/index.php?rest_route=\/wp\/v2\/pages\/6\/revisions"}],"predecessor-version":[{"id":51,"href":"https:\/\/spreadsheet.ninja\/index.php?rest_route=\/wp\/v2\/pages\/6\/revisions\/51"}],"wp:featuredmedia":[{"embeddable":true,"href":"https:\/\/spreadsheet.ninja\/index.php?rest_route=\/wp\/v2\/media\/16"}],"wp:attachment":[{"href":"https:\/\/spreadsheet.ninja\/index.php?rest_route=%2Fwp%2Fv2%2Fmedia&parent=6"}],"curies":[{"name":"wp","href":"https:\/\/api.w.org\/{rel}","templated":true}]}}