{"id":42,"date":"2025-01-21T06:21:50","date_gmt":"2025-01-21T05:21:50","guid":{"rendered":"https:\/\/spreadsheet.ninja\/?page_id=42"},"modified":"2025-01-21T06:23:38","modified_gmt":"2025-01-21T05:23:38","slug":"oferta","status":"publish","type":"page","link":"https:\/\/spreadsheet.ninja\/?page_id=42","title":{"rendered":"Oferta"},"content":{"rendered":"\n<p class=\"is-style-text-subtitle is-style-text-subtitle--1\"><strong>Rozwi\u0105zywanie zada\u0144 w Excelu<\/strong><\/p>\n\n\n\n<p>W firmie Spreadsheet Ninja specjalizujemy si\u0119 w rozwi\u0105zywaniu wszelkich problem\u00f3w zwi\u0105zanych z arkuszami kalkulacyjnymi. Niezale\u017cnie od tego, czy masz do czynienia z prostymi obliczeniami, czy zaawansowanymi analizami danych, nasz zesp\u00f3\u0142 ekspert\u00f3w jest gotowy, aby szybko i skutecznie znale\u017a\u0107 rozwi\u0105zanie. Dzi\u0119ki naszemu do\u015bwiadczeniu i wiedzy, mo\u017cemy pom\u00f3c Ci w optymalizacji proces\u00f3w i zwi\u0119kszeniu efektywno\u015bci pracy.<\/p>\n\n\n\n<p class=\"is-style-text-subtitle is-style-text-subtitle--2\"><strong>Tworzenie makr<\/strong><\/p>\n\n\n\n<p>Automatyzacja codziennych zada\u0144 w Excelu to nasza specjalno\u015b\u0107. Tworzymy spersonalizowane makra, kt\u00f3re oszcz\u0119dzaj\u0105 Tw\u00f3j czas i zwi\u0119kszaj\u0105 produktywno\u015b\u0107. Nasze makra s\u0105 dostosowane do Twoich indywidualnych potrzeb, dzi\u0119ki czemu mo\u017cesz skupi\u0107 si\u0119 na tym, co naprawd\u0119 wa\u017cne, zamiast traci\u0107 czas na powtarzalne czynno\u015bci.<\/p>\n\n\n\n<p class=\"is-style-text-subtitle is-style-text-subtitle--3\"><strong>Gotowe rozwi\u0105zania<\/strong><\/p>\n\n\n\n<p>Oferujemy szeroki wyb\u00f3r gotowych szablon\u00f3w i narz\u0119dzi w Excelu, kt\u00f3re s\u0105 \u0142atwe w u\u017cyciu i dostosowane do specyficznych potrzeb Twojej firmy. Nasze rozwi\u0105zania s\u0105 zaprojektowane tak, aby u\u0142atwi\u0107 zarz\u0105dzanie danymi, analiz\u0119 i raportowanie. Dzi\u0119ki nim mo\u017cesz szybko i efektywnie realizowa\u0107 swoje zadania, bez konieczno\u015bci tworzenia wszystkiego od podstaw.<\/p>\n\n\n\n<p><strong>Dlaczego warto wybra\u0107 Spreadsheet Ninja?<\/strong><\/p>\n\n\n\n<ul class=\"wp-block-list\">\n<li><strong>Indywidualne podej\u015bcie<\/strong>: Ka\u017cdy projekt traktujemy indywidualnie, dostosowuj\u0105c nasze us\u0142ugi do specyficznych potrzeb klienta.<\/li>\n\n\n\n<li><strong>Profesjonalizm<\/strong>: Nasz zesp\u00f3\u0142 sk\u0142ada si\u0119 z do\u015bwiadczonych specjalist\u00f3w, kt\u00f3rzy posiadaj\u0105 szerok\u0105 wiedz\u0119 i umiej\u0119tno\u015bci w zakresie Excela.<\/li>\n\n\n\n<li><strong>Efektywno\u015b\u0107<\/strong>: Dzi\u0119ki naszym rozwi\u0105zaniom mo\u017cesz zaoszcz\u0119dzi\u0107 czas i zwi\u0119kszy\u0107 efektywno\u015b\u0107 swojej pracy.<\/li>\n\n\n\n<li><strong>Wsparcie<\/strong>: Oferujemy pe\u0142ne wsparcie na ka\u017cdym etapie wsp\u00f3\u0142pracy, od analizy potrzeb, przez realizacj\u0119 projektu, a\u017c po szkolenia i konsultacje.<\/li>\n<\/ul>\n\n\n\n<p>Skontaktuj si\u0119 z nami ju\u017c dzi\u015b i przekonaj si\u0119, jak mo\u017cemy u\u0142atwi\u0107 Twoj\u0105 prac\u0119 z danymi!<\/p>\n\n\n\n<div class=\"wp-block-buttons is-content-justification-center is-layout-flex wp-container-core-buttons-is-layout-a89b3969 wp-block-buttons-is-layout-flex\">\n<div class=\"wp-block-button\"><a class=\"wp-block-button__link wp-element-button\" href=\"https:\/\/spreadsheet.ninja\/?page_id=35\">Kontakt<\/a><\/div>\n<\/div>\n","protected":false},"excerpt":{"rendered":"<p>Rozwi\u0105zywanie zada\u0144 w Excelu W firmie Spreadsheet Ninja specjalizujemy si\u0119 w rozwi\u0105zywaniu wszelkich problem\u00f3w zwi\u0105zanych z arkuszami kalkulacyjnymi. Niezale\u017cnie od tego, czy masz do czynienia z prostymi obliczeniami, czy zaawansowanymi analizami danych, nasz zesp\u00f3\u0142 ekspert\u00f3w jest gotowy, aby szybko i skutecznie znale\u017a\u0107 rozwi\u0105zanie. Dzi\u0119ki naszemu do\u015bwiadczeniu i wiedzy, mo\u017cemy pom\u00f3c Ci w optymalizacji proces\u00f3w i [&hellip;]<\/p>\n","protected":false},"author":1,"featured_media":0,"parent":0,"menu_order":0,"comment_status":"closed","ping_status":"closed","template":"","meta":{"om_disable_all_campaigns":false,"_monsterinsights_skip_tracking":false,"_monsterinsights_sitenote_active":false,"_monsterinsights_sitenote_note":"","_monsterinsights_sitenote_category":0,"_uf_show_specific_survey":0,"_uf_disable_surveys":false,"footnotes":""},"class_list":["post-42","page","type-page","status-publish","hentry"],"aioseo_notices":[],"_links":{"self":[{"href":"https:\/\/spreadsheet.ninja\/index.php?rest_route=\/wp\/v2\/pages\/42","targetHints":{"allow":["GET"]}}],"collection":[{"href":"https:\/\/spreadsheet.ninja\/index.php?rest_route=\/wp\/v2\/pages"}],"about":[{"href":"https:\/\/spreadsheet.ninja\/index.php?rest_route=\/wp\/v2\/types\/page"}],"author":[{"embeddable":true,"href":"https:\/\/spreadsheet.ninja\/index.php?rest_route=\/wp\/v2\/users\/1"}],"replies":[{"embeddable":true,"href":"https:\/\/spreadsheet.ninja\/index.php?rest_route=%2Fwp%2Fv2%2Fcomments&post=42"}],"version-history":[{"count":2,"href":"https:\/\/spreadsheet.ninja\/index.php?rest_route=\/wp\/v2\/pages\/42\/revisions"}],"predecessor-version":[{"id":52,"href":"https:\/\/spreadsheet.ninja\/index.php?rest_route=\/wp\/v2\/pages\/42\/revisions\/52"}],"wp:attachment":[{"href":"https:\/\/spreadsheet.ninja\/index.php?rest_route=%2Fwp%2Fv2%2Fmedia&parent=42"}],"curies":[{"name":"wp","href":"https:\/\/api.w.org\/{rel}","templated":true}]}}